{"id":3,"date":"2024-11-06T19:41:47","date_gmt":"2024-11-06T10:41:47","guid":{"rendered":"https:\/\/movetojapan.support\/test\/?page_id=3"},"modified":"2025-05-16T13:04:03","modified_gmt":"2025-05-16T04:04:03","slug":"privacy-policy","status":"publish","type":"page","link":"https:\/\/harmonieselbst.com\/en\/privacy-policy\/","title":{"rendered":"Data protection"},"content":{"rendered":"<div data-elementor-type=\"wp-page\" data-elementor-id=\"3\" class=\"elementor elementor-3\">\n\t\t\t\t<div class=\"elementor-element elementor-element-746ffb86 thegem-e-con-layout-thegem e-flex e-con-boxed e-con e-parent\" data-id=\"746ffb86\" data-element_type=\"container\" data-settings=\"{&quot;thegem_container_layout&quot;:&quot;thegem&quot;}\">\n\t\t\t\t\t<div class=\"e-con-inner\">\n\t\t\t\t<div class=\"elementor-element elementor-element-dc2018e flex-horizontal-align-default flex-horizontal-align-tablet-default flex-horizontal-align-mobile-default flex-vertical-align-default flex-vertical-align-tablet-default flex-vertical-align-mobile-default elementor-widget elementor-widget-text-editor\" data-id=\"dc2018e\" data-element_type=\"widget\" data-widget_type=\"text-editor.default\">\n\t\t\t\t<div class=\"elementor-widget-container\">\n\t\t\t\t\t\t\t\t\t\t\t\t<div class=\"elementor-text-editor elementor-clearfix\">\r\n\t\t\t\t\t\t<p><br \/>We take the protection of your personal data very seriously. This privacy policy informs you about how we process your personal data when you visit our website or contact us via LINE or WhatsApp.<\/p><h2>1. responsible person<\/h2><p>Harmonieselbst<br \/>Body Beauty Bar in Holmes Place<br \/>K\u00f6lner Landstrasse 11-17<br \/>40591 D\u00fcsseldorf<br \/>E-Mail: <a href=\"mailto:me@harmonieselbst.co\">me@harmonieselbst.co<\/a><\/p><h2>2. collection and processing of personal data<\/h2><p>We collect personal data when you contact us via LINE or WhatsApp. This may include:<\/p><ul><li>Name<\/li><li>Phone number<\/li><li>Profile picture or user name<\/li><li>Communication content<\/li><\/ul><p>This data will only be used to process your request and will not be passed on to third parties unless there is a legal obligation to do so.<\/p><h2>3. use of LINE and WhatsApp<\/h2><p>We use the LINE and WhatsApp services to communicate with customers. These are third-party providers that also process personal data. Information on data processing by these services can be found in their own privacy policies:<\/p><ul><li>LINE: <a href=\"https:\/\/terms.line.me\/line_rules?lang=de\" target=\"_blank\" rel=\"noopener\">https:\/\/terms.line.me\/line_rules?lang=de<\/a><\/li><li>WhatsApp: <a href=\"https:\/\/www.whatsapp.com\/legal\/privacy-policy-eea\" target=\"_blank\" rel=\"noopener\">https:\/\/www.whatsapp.com\/legal\/privacy-policy-eea<\/a><\/li><\/ul><p>Please note that we have no influence on data processing by these third-party providers.<\/p><h2>4. your rights<\/h2><p>You have the right to information, correction, deletion and restriction of the processing of your personal data as well as the right to data portability. You also have the right to withdraw your consent at any time.<\/p><h2>5. contact<\/h2><p>If you have any questions regarding the processing of your personal data or the exercise of your rights, you can contact us at any time:<\/p><p>Harmonieselbst<br \/>E-Mail: <a href=\"mailto:me@harmonieselbst.co\">me@harmonieselbst.co<\/a><\/p><p>Status: May 2025<\/p><p>\u00a0<\/p>\t\t\t\t\t\t\t<\/div>\r\n\t\t\t\t\t\t\t\t\t\t<\/div>\n\t\t\t\t<\/div>\n\t\t\t\t\t<\/div>\n\t\t\t\t<\/div>\n\t\t\t\t<\/div>","protected":false},"excerpt":{"rendered":"<p>We take the protection of your personal data very seriously. This privacy policy informs you about how we process your personal data when you visit our website or contact us via LINE or WhatsApp. 1. person responsible HarmonieselbstBody Beauty Bar in Holmes PlaceK\u00f6lner Landstra\u00dfe 11-1740591 D\u00fcsseldorfE-Mail: me@harmonieselbst.co 2. collection and processing of personal data We collect personal data when you contact us via LINE or WhatsApp. This may include: Name Phone number Profile picture or username Content of the communication This data is used exclusively to process your request and is not passed on to third parties, unless there is a legal obligation to do so. 3. use of LINE and WhatsApp We use the services LINE and WhatsApp.... to communicate with customers<\/p>","protected":false},"author":1,"featured_media":0,"parent":0,"menu_order":0,"comment_status":"closed","ping_status":"closed","template":"","meta":{"_acf_changed":false,"footnotes":""},"class_list":["post-3","page","type-page","status-publish"],"acf":[],"aioseo_notices":[],"_links":{"self":[{"href":"https:\/\/harmonieselbst.com\/en\/wp-json\/wp\/v2\/pages\/3","targetHints":{"allow":["GET"]}}],"collection":[{"href":"https:\/\/harmonieselbst.com\/en\/wp-json\/wp\/v2\/pages"}],"about":[{"href":"https:\/\/harmonieselbst.com\/en\/wp-json\/wp\/v2\/types\/page"}],"author":[{"embeddable":true,"href":"https:\/\/harmonieselbst.com\/en\/wp-json\/wp\/v2\/users\/1"}],"replies":[{"embeddable":true,"href":"https:\/\/harmonieselbst.com\/en\/wp-json\/wp\/v2\/comments?post=3"}],"version-history":[{"count":18,"href":"https:\/\/harmonieselbst.com\/en\/wp-json\/wp\/v2\/pages\/3\/revisions"}],"predecessor-version":[{"id":3252,"href":"https:\/\/harmonieselbst.com\/en\/wp-json\/wp\/v2\/pages\/3\/revisions\/3252"}],"wp:attachment":[{"href":"https:\/\/harmonieselbst.com\/en\/wp-json\/wp\/v2\/media?parent=3"}],"curies":[{"name":"wp","href":"https:\/\/api.w.org\/{rel}","templated":true}]}}