{"id":3,"date":"2024-11-06T19:41:47","date_gmt":"2024-11-06T10:41:47","guid":{"rendered":"https:\/\/movetojapan.support\/test\/?page_id=3"},"modified":"2025-05-16T13:04:03","modified_gmt":"2025-05-16T04:04:03","slug":"privacy-policy","status":"publish","type":"page","link":"https:\/\/harmonieselbst.com\/ja\/privacy-policy\/","title":{"rendered":"\u30c7\u30fc\u30bf\u4fdd\u8b77"},"content":{"rendered":"<div data-elementor-type=\"wp-page\" data-elementor-id=\"3\" class=\"elementor elementor-3\">\n\t\t\t\t<div class=\"elementor-element elementor-element-746ffb86 thegem-e-con-layout-thegem e-flex e-con-boxed e-con e-parent\" data-id=\"746ffb86\" data-element_type=\"container\" data-settings=\"{&quot;thegem_container_layout&quot;:&quot;thegem&quot;}\">\n\t\t\t\t\t<div class=\"e-con-inner\">\n\t\t\t\t<div class=\"elementor-element elementor-element-dc2018e flex-horizontal-align-default flex-horizontal-align-tablet-default flex-horizontal-align-mobile-default flex-vertical-align-default flex-vertical-align-tablet-default flex-vertical-align-mobile-default elementor-widget elementor-widget-text-editor\" data-id=\"dc2018e\" data-element_type=\"widget\" data-widget_type=\"text-editor.default\">\n\t\t\t\t<div class=\"elementor-widget-container\">\n\t\t\t\t\t\t\t\t\t\t\t\t<div class=\"elementor-text-editor elementor-clearfix\">\r\n\t\t\t\t\t\t<p><br \/>\u5f53\u793e\u306f\u3001\u304a\u5ba2\u69d8\u306e\u500b\u4eba\u60c5\u5831\u306e\u4fdd\u8b77\u306b\u7d30\u5fc3\u306e\u6ce8\u610f\u3092\u6255\u3063\u3066\u3044\u307e\u3059\u3002\u3053\u306e\u500b\u4eba\u60c5\u5831\u4fdd\u8b77\u65b9\u91dd\u306f\u3001\u304a\u5ba2\u69d8\u304c\u5f53\u793e\u306e\u30a6\u30a7\u30d6\u30b5\u30a4\u30c8\u3092\u95b2\u89a7\u3055\u308c\u305f\u5834\u5408\u3001\u307e\u305f\u306fLINE\u3084WhatsApp\u3092\u901a\u3058\u3066\u5f53\u793e\u306b\u3054\u9023\u7d61\u3055\u308c\u305f\u5834\u5408\u306b\u3001\u5f53\u793e\u304c\u304a\u5ba2\u69d8\u306e\u500b\u4eba\u60c5\u5831\u3092\u3069\u306e\u3088\u3046\u306b\u53d6\u308a\u6271\u3046\u304b\u3092\u304a\u77e5\u3089\u305b\u3059\u308b\u3082\u306e\u3067\u3059\u3002<\/p><h2>1.\u8cac\u4efb\u8005<\/h2><p>Harmonieselbst<br \/>\u30db\u30fc\u30e0\u30ba\u30fb\u30d7\u30ec\u30a4\u30b9\u306e\u30dc\u30c7\u30a3\u30fb\u30d3\u30e5\u30fc\u30c6\u30a3\u30fc\u30fb\u30d0\u30fc<br \/>\u30b1\u30eb\u30ca\u30fc\u30fb\u30e9\u30f3\u30c9\u901a\u308a11-17<br \/>40591 \u30c7\u30e5\u30c3\u30bb\u30eb\u30c9\u30eb\u30d5<br \/>E\u30e1\u30fc\u30eb <a href=\"mailto:me@harmonieselbst.co\">me@harmonieselbst.co<\/a><\/p><h2>2. \u500b\u4eba\u30c7\u30fc\u30bf\u306e\u53ce\u96c6\u3068\u51e6\u7406<\/h2><p>\u5f53\u793e\u306f\u3001\u304a\u5ba2\u69d8\u304cLINE\u307e\u305f\u306fWhatsApp\u3092\u901a\u3058\u3066\u5f53\u793e\u3068\u9023\u7d61\u3092\u53d6\u308b\u969b\u306b\u500b\u4eba\u60c5\u5831\u3092\u53ce\u96c6\u3057\u307e\u3059\u3002\u3053\u308c\u306b\u306f\u4ee5\u4e0b\u304c\u542b\u307e\u308c\u307e\u3059\uff1a<\/p><ul><li>\u540d\u79f0<\/li><li>\u96fb\u8a71\u756a\u53f7<\/li><li>\u30d7\u30ed\u30d5\u30a3\u30fc\u30eb\u753b\u50cf\u307e\u305f\u306f\u30e6\u30fc\u30b6\u30fc\u540d<\/li><li>\u30b3\u30df\u30e5\u30cb\u30b1\u30fc\u30b7\u30e7\u30f3\u30fb\u30b3\u30f3\u30c6\u30f3\u30c4<\/li><\/ul><p>\u3053\u306e\u30c7\u30fc\u30bf\u306f\u3001\u304a\u554f\u3044\u5408\u308f\u305b\u306e\u51e6\u7406\u306b\u306e\u307f\u4f7f\u7528\u3055\u308c\u3001\u6cd5\u7684\u7fa9\u52d9\u304c\u3042\u308b\u5834\u5408\u3092\u9664\u304d\u3001\u7b2c\u4e09\u8005\u306b\u63d0\u4f9b\u3055\u308c\u308b\u3053\u3068\u306f\u3042\u308a\u307e\u305b\u3093\u3002<\/p><h2>3. LINE\u3068WhatsApp\u306e\u4f7f\u7528<\/h2><p>\u5f53\u793e\u306f\u3001\u304a\u5ba2\u69d8\u3068\u306e\u30b3\u30df\u30e5\u30cb\u30b1\u30fc\u30b7\u30e7\u30f3\u306bLINE\u304a\u3088\u3073WhatsApp\u30b5\u30fc\u30d3\u30b9\u3092\u5229\u7528\u3057\u3066\u3044\u307e\u3059\u3002\u3053\u308c\u3089\u306e\u30b5\u30fc\u30d3\u30b9\u3082\u500b\u4eba\u30c7\u30fc\u30bf\u3092\u51e6\u7406\u3059\u308b\u7b2c\u4e09\u8005\u30d7\u30ed\u30d0\u30a4\u30c0\u30fc\u3067\u3059\u3002\u3053\u308c\u3089\u306e\u30b5\u30fc\u30d3\u30b9\u306b\u3088\u308b\u30c7\u30fc\u30bf\u51e6\u7406\u306b\u95a2\u3059\u308b\u60c5\u5831\u306f\u3001\u305d\u308c\u305e\u308c\u306e\u30d7\u30e9\u30a4\u30d0\u30b7\u30fc\u30dd\u30ea\u30b7\u30fc\u306b\u8a18\u8f09\u3055\u308c\u3066\u3044\u307e\u3059\uff1a<\/p><ul><li>LINE\uff1a <a href=\"https:\/\/terms.line.me\/line_rules?lang=de\" target=\"_blank\" rel=\"noopener\">https:\/\/terms.line.me\/line_rules?lang=de<\/a><\/li><li>WhatsApp\uff1a <a href=\"https:\/\/www.whatsapp.com\/legal\/privacy-policy-eea\" target=\"_blank\" rel=\"noopener\">https:\/\/www.whatsapp.com\/legal\/privacy-policy-eea<\/a><\/li><\/ul><p>\u5f53\u793e\u306f\u3001\u3053\u308c\u3089\u306e\u7b2c\u4e09\u8005\u30d7\u30ed\u30d0\u30a4\u30c0\u30fc\u306b\u3088\u308b\u30c7\u30fc\u30bf\u51e6\u7406\u306b\u306f\u4e00\u5207\u5f71\u97ff\u3092\u53ca\u307c\u3055\u306a\u3044\u3053\u3068\u306b\u3054\u7559\u610f\u304f\u3060\u3055\u3044\u3002<\/p><h2>4. \u3042\u306a\u305f\u306e\u6a29\u5229<\/h2><p>\u304a\u5ba2\u69d8\u306f\u3001\u3054\u81ea\u8eab\u306e\u500b\u4eba\u30c7\u30fc\u30bf\u306b\u3064\u3044\u3066\u3001\u60c5\u5831\u63d0\u4f9b\u3001\u8a02\u6b63\u3001\u524a\u9664\u3001\u51e6\u7406\u306e\u5236\u9650\u3092\u53d7\u3051\u308b\u6a29\u5229\u3001\u304a\u3088\u3073\u30c7\u30fc\u30bf\u30fb\u30dd\u30fc\u30bf\u30d3\u30ea\u30c6\u30a3\u3092\u53d7\u3051\u308b\u6a29\u5229\u3092\u6709\u3057\u307e\u3059\u3002\u307e\u305f\u3001\u304a\u5ba2\u69d8\u306f\u3044\u3064\u3067\u3082\u540c\u610f\u3092\u64a4\u56de\u3059\u308b\u6a29\u5229\u3092\u6709\u3057\u307e\u3059\u3002<\/p><h2>5.\u30b3\u30f3\u30bf\u30af\u30c8<\/h2><p>\u304a\u5ba2\u69d8\u306e\u500b\u4eba\u60c5\u5831\u306e\u51e6\u7406\u306b\u3064\u3044\u3066\u3001\u307e\u305f\u306f\u304a\u5ba2\u69d8\u306e\u6a29\u5229\u306e\u884c\u4f7f\u306b\u3064\u3044\u3066\u3054\u8cea\u554f\u304c\u3042\u308b\u5834\u5408\u306f\u3001\u3044\u3064\u3067\u3082\u5f53\u793e\u306b\u3054\u9023\u7d61\u304f\u3060\u3055\u3044\uff1a<\/p><p>Harmonieselbst<br \/>E\u30e1\u30fc\u30eb <a href=\"mailto:me@harmonieselbst.co\">me@harmonieselbst.co<\/a><\/p><p>\u30b9\u30c6\u30fc\u30bf\u30b9\uff1a2025\u5e745\u6708<\/p><p>\u00a0<\/p>\t\t\t\t\t\t\t<\/div>\r\n\t\t\t\t\t\t\t\t\t\t<\/div>\n\t\t\t\t<\/div>\n\t\t\t\t\t<\/div>\n\t\t\t\t<\/div>\n\t\t\t\t<\/div>","protected":false},"excerpt":{"rendered":"<p>\u5f53\u793e\u306f\u3001\u304a\u5ba2\u69d8\u306e\u500b\u4eba\u60c5\u5831\u306e\u4fdd\u8b77\u306b\u7d30\u5fc3\u306e\u6ce8\u610f\u3092\u6255\u3063\u3066\u3044\u307e\u3059\u3002\u3053\u306e\u30d7\u30e9\u30a4\u30d0\u30b7\u30fc\u30dd\u30ea\u30b7\u30fc\u306f\u3001\u304a\u5ba2\u69d8\u304c\u5f53\u793e\u306e\u30a6\u30a7\u30d6\u30b5\u30a4\u30c8\u3092\u3054\u89a7\u306b\u306a\u308b\u969b\u3001\u307e\u305f\u306fLINE\u3084WhatsApp\u3092\u901a\u3058\u3066\u5f53\u793e\u306b\u3054\u9023\u7d61\u3044\u305f\u3060\u304f\u969b\u306b\u3001\u5f53\u793e\u304c\u304a\u5ba2\u69d8\u306e\u500b\u4eba\u60c5\u5831\u3092\u3069\u306e\u3088\u3046\u306b\u53d6\u308a\u6271\u3046\u304b\u3092\u304a\u77e5\u3089\u305b\u3059\u308b\u3082\u306e\u3067\u3059\u30021.\u8cac\u4efb\u8005HarmonieselbstBody Beauty Bar in Holmes PlaceK\u00f6lner Landstra\u00dfe 11-1740591 D\u00fcsseldorfE-Mail: me@harmonieselbst.co 2.\u500b\u4eba\u60c5\u5831\u306e\u53ce\u96c6\u3068\u51e6\u7406 \u5f53\u793e\u306f\u3001\u304a\u5ba2\u69d8\u304cLINE\u307e\u305f\u306fWhatsApp\u3092\u901a\u3058\u3066\u5f53\u793e\u306b\u3054\u9023\u7d61\u3055\u308c\u305f\u969b\u306b\u3001\u500b\u4eba\u60c5\u5831\u3092\u53ce\u96c6\u3057\u307e\u3059\u3002\u3053\u308c\u306b\u306f\u4ee5\u4e0b\u304c\u542b\u307e\u308c\u307e\u3059\uff1a\u6c0f\u540d \u96fb\u8a71\u756a\u53f7 \u30d7\u30ed\u30d5\u30a3\u30fc\u30eb\u5199\u771f\u307e\u305f\u306f\u30e6\u30fc\u30b6\u30fc\u540d \u9023\u7d61\u5185\u5bb9 \u3053\u306e\u30c7\u30fc\u30bf\u306f\u3001\u304a\u554f\u3044\u5408\u308f\u305b\u306e\u51e6\u7406\u306b\u306e\u307f\u4f7f\u7528\u3055\u308c\u3001\u6cd5\u7684\u7fa9\u52d9\u304c\u3042\u308b\u5834\u5408\u3092\u9664\u304d\u3001\u7b2c\u4e09\u8005\u306b\u63d0\u4f9b\u3055\u308c\u308b\u3053\u3068\u306f\u3042\u308a\u307e\u305b\u3093\u30023. LINE\u304a\u3088\u3073WhatsApp\u306e\u5229\u7528 \u5f53\u793e\u306f\u3001\u304a\u5ba2\u69d8\u3068\u306e\u30b3\u30df\u30e5\u30cb\u30b1\u30fc\u30b7\u30e7\u30f3\u306bLINE\u304a\u3088\u3073WhatsApp\u3092\u5229\u7528\u3057\u3066\u3044\u307e\u3059\u3002<\/p>","protected":false},"author":1,"featured_media":0,"parent":0,"menu_order":0,"comment_status":"closed","ping_status":"closed","template":"","meta":{"_acf_changed":false,"footnotes":""},"class_list":["post-3","page","type-page","status-publish"],"acf":[],"aioseo_notices":[],"_links":{"self":[{"href":"https:\/\/harmonieselbst.com\/ja\/wp-json\/wp\/v2\/pages\/3","targetHints":{"allow":["GET"]}}],"collection":[{"href":"https:\/\/harmonieselbst.com\/ja\/wp-json\/wp\/v2\/pages"}],"about":[{"href":"https:\/\/harmonieselbst.com\/ja\/wp-json\/wp\/v2\/types\/page"}],"author":[{"embeddable":true,"href":"https:\/\/harmonieselbst.com\/ja\/wp-json\/wp\/v2\/users\/1"}],"replies":[{"embeddable":true,"href":"https:\/\/harmonieselbst.com\/ja\/wp-json\/wp\/v2\/comments?post=3"}],"version-history":[{"count":18,"href":"https:\/\/harmonieselbst.com\/ja\/wp-json\/wp\/v2\/pages\/3\/revisions"}],"predecessor-version":[{"id":3252,"href":"https:\/\/harmonieselbst.com\/ja\/wp-json\/wp\/v2\/pages\/3\/revisions\/3252"}],"wp:attachment":[{"href":"https:\/\/harmonieselbst.com\/ja\/wp-json\/wp\/v2\/media?parent=3"}],"curies":[{"name":"wp","href":"https:\/\/api.w.org\/{rel}","templated":true}]}}